{"id":1268,"date":"2022-06-10T12:43:13","date_gmt":"2022-06-10T17:43:13","guid":{"rendered":"https:\/\/gerpro.co\/mafp\/?page_id=1268"},"modified":"2023-02-28T15:28:20","modified_gmt":"2023-02-28T20:28:20","slug":"inicionuevo","status":"publish","type":"page","link":"https:\/\/gerpro.co\/mafp\/","title":{"rendered":"INICIONUEVO"},"content":{"rendered":"\t\t<div data-elementor-type=\"wp-page\" data-elementor-id=\"1268\" class=\"elementor elementor-1268\" data-elementor-post-type=\"page\">\n\t\t\t\t\t\t<section class=\"elementor-section elementor-top-section elementor-element elementor-element-544c0bd elementor-section-boxed elementor-section-height-default elementor-section-height-default\" data-id=\"544c0bd\" data-element_type=\"section\" data-e-type=\"section\" data-settings=\"{&quot;background_background&quot;:&quot;classic&quot;}\">\n\t\t\t\t\t\t<div class=\"elementor-container elementor-column-gap-default\">\n\t\t\t\t\t<div class=\"elementor-column elementor-col-100 elementor-top-column elementor-element elementor-element-17235e7\" data-id=\"17235e7\" data-element_type=\"column\" data-e-type=\"column\">\n\t\t\t<div class=\"elementor-widget-wrap elementor-element-populated\">\n\t\t\t\t\t\t<section class=\"elementor-section elementor-inner-section elementor-element elementor-element-9e14222 elementor-section-boxed elementor-section-height-default elementor-section-height-default\" data-id=\"9e14222\" data-element_type=\"section\" data-e-type=\"section\">\n\t\t\t\t\t\t<div class=\"elementor-container elementor-column-gap-default\">\n\t\t\t\t\t<div class=\"elementor-column elementor-col-50 elementor-inner-column elementor-element elementor-element-326c66b\" data-id=\"326c66b\" data-element_type=\"column\" data-e-type=\"column\">\n\t\t\t<div class=\"elementor-widget-wrap elementor-element-populated\">\n\t\t\t\t\t\t<div class=\"elementor-element elementor-element-ab83f52 elementor-invisible elementor-widget elementor-widget-image\" data-id=\"ab83f52\" data-element_type=\"widget\" data-e-type=\"widget\" data-settings=\"{&quot;_animation&quot;:&quot;fadeInLeft&quot;}\" data-widget_type=\"image.default\">\n\t\t\t\t<div class=\"elementor-widget-container\">\n\t\t\t\t\t\t\t\t\t\t\t\t\t\t\t<img fetchpriority=\"high\" decoding=\"async\" width=\"607\" height=\"179\" src=\"https:\/\/gerpro.co\/mafp\/wp-content\/uploads\/2022\/06\/mafp-07.png\" class=\"attachment-large size-large wp-image-1271\" alt=\"\" srcset=\"https:\/\/gerpro.co\/mafp\/wp-content\/uploads\/2022\/06\/mafp-07.png 607w, https:\/\/gerpro.co\/mafp\/wp-content\/uploads\/2022\/06\/mafp-07-300x88.png 300w\" sizes=\"(max-width: 607px) 100vw, 607px\" \/>\t\t\t\t\t\t\t\t\t\t\t\t\t\t\t<\/div>\n\t\t\t\t<\/div>\n\t\t\t\t<div class=\"elementor-element elementor-element-5e8e252 elementor-widget elementor-widget-video\" data-id=\"5e8e252\" data-element_type=\"widget\" data-e-type=\"widget\" data-settings=\"{&quot;youtube_url&quot;:&quot;https:\\\/\\\/www.youtube.com\\\/watch?v=4QXEP1bUgP4&quot;,&quot;video_type&quot;:&quot;youtube&quot;}\" data-widget_type=\"video.default\">\n\t\t\t\t<div class=\"elementor-widget-container\">\n\t\t\t\t\t\t\t<div class=\"elementor-wrapper elementor-open-inline\">\n\t\t\t<div class=\"elementor-video\"><\/div>\t\t<\/div>\n\t\t\t\t\t\t<\/div>\n\t\t\t\t<\/div>\n\t\t\t\t<div class=\"elementor-element elementor-element-f1a8fc1 elementor-hidden-desktop elementor-hidden-tablet elementor-invisible elementor-widget elementor-widget-text-editor\" data-id=\"f1a8fc1\" data-element_type=\"widget\" data-e-type=\"widget\" data-settings=\"{&quot;_animation&quot;:&quot;fadeInLeft&quot;}\" data-widget_type=\"text-editor.default\">\n\t\t\t\t<div class=\"elementor-widget-container\">\n\t\t\t\t\t\t\t\t\t<p>EL \u00daNICO SOFTWARE 100% WEB EN HISPANOAM\u00c9RICA<br \/>PARA EVALUACI\u00d3N Y CONTROL DE MODELOS FINANCIEROS DE PROYECTOS.<\/p>\t\t\t\t\t\t\t\t<\/div>\n\t\t\t\t<\/div>\n\t\t\t\t<div class=\"elementor-element elementor-element-2d5b890 elementor-absolute elementor-hidden-tablet elementor-hidden-mobile elementor-widget elementor-widget-image\" data-id=\"2d5b890\" data-element_type=\"widget\" data-e-type=\"widget\" data-settings=\"{&quot;_position&quot;:&quot;absolute&quot;}\" data-widget_type=\"image.default\">\n\t\t\t\t<div class=\"elementor-widget-container\">\n\t\t\t\t\t\t\t\t\t\t\t\t\t\t\t<img decoding=\"async\" width=\"640\" height=\"745\" src=\"https:\/\/gerpro.co\/mafp\/wp-content\/uploads\/2022\/06\/mafp-08-880x1024.png\" class=\"attachment-large size-large wp-image-1280\" alt=\"\" srcset=\"https:\/\/gerpro.co\/mafp\/wp-content\/uploads\/2022\/06\/mafp-08-880x1024.png 880w, https:\/\/gerpro.co\/mafp\/wp-content\/uploads\/2022\/06\/mafp-08-258x300.png 258w, https:\/\/gerpro.co\/mafp\/wp-content\/uploads\/2022\/06\/mafp-08-768x894.png 768w, https:\/\/gerpro.co\/mafp\/wp-content\/uploads\/2022\/06\/mafp-08.png 1008w\" sizes=\"(max-width: 640px) 100vw, 640px\" \/>\t\t\t\t\t\t\t\t\t\t\t\t\t\t\t<\/div>\n\t\t\t\t<\/div>\n\t\t\t\t\t<\/div>\n\t\t<\/div>\n\t\t\t\t<div class=\"elementor-column elementor-col-50 elementor-inner-column elementor-element elementor-element-63a7e59 elementor-invisible\" data-id=\"63a7e59\" data-element_type=\"column\" data-e-type=\"column\" data-settings=\"{&quot;animation&quot;:&quot;fadeInRight&quot;}\">\n\t\t\t<div class=\"elementor-widget-wrap elementor-element-populated\">\n\t\t\t\t\t\t<div class=\"elementor-element elementor-element-2df85de elementor-hidden-mobile elementor-widget elementor-widget-image\" data-id=\"2df85de\" data-element_type=\"widget\" data-e-type=\"widget\" data-widget_type=\"image.default\">\n\t\t\t\t<div class=\"elementor-widget-container\">\n\t\t\t\t\t\t\t\t\t\t\t\t\t\t\t<img decoding=\"async\" width=\"852\" height=\"72\" src=\"https:\/\/gerpro.co\/mafp\/wp-content\/uploads\/2022\/06\/contacto-texto-05.png\" class=\"attachment-full size-full wp-image-1272\" alt=\"\" srcset=\"https:\/\/gerpro.co\/mafp\/wp-content\/uploads\/2022\/06\/contacto-texto-05.png 852w, https:\/\/gerpro.co\/mafp\/wp-content\/uploads\/2022\/06\/contacto-texto-05-300x25.png 300w, https:\/\/gerpro.co\/mafp\/wp-content\/uploads\/2022\/06\/contacto-texto-05-768x65.png 768w\" sizes=\"(max-width: 852px) 100vw, 852px\" \/>\t\t\t\t\t\t\t\t\t\t\t\t\t\t\t<\/div>\n\t\t\t\t<\/div>\n\t\t\t\t<div class=\"elementor-element elementor-element-a316de8 elementor-hidden-mobile elementor-widget elementor-widget-html\" data-id=\"a316de8\" data-element_type=\"widget\" data-e-type=\"widget\" data-widget_type=\"html.default\">\n\t\t\t\t<div class=\"elementor-widget-container\">\n\t\t\t\t\t<iframe width='610px' height='850px' src='https:\/\/crm.zoho.com\/crm\/WebFormServeServlet?rid=708b8e51c37748acef8af5b7575ec424a06e041f9d5dc079fb64b91f8cc941begidf994736a297883b0fd5d00c7969a6ffcc6f0ebb06fe7cbffc0ad88f1ce3fb4c4'><\/iframe>\t\t\t\t<\/div>\n\t\t\t\t<\/div>\n\t\t\t\t<div class=\"elementor-element elementor-element-57e2dd7 elementor-hidden-desktop elementor-hidden-tablet elementor-widget elementor-widget-html\" data-id=\"57e2dd7\" data-element_type=\"widget\" data-e-type=\"widget\" data-widget_type=\"html.default\">\n\t\t\t\t<div class=\"elementor-widget-container\">\n\t\t\t\t\t<iframe width='610px' height='1020px' src='https:\/\/crm.zoho.com\/crm\/WebFormServeServlet?rid=708b8e51c37748acef8af5b7575ec424a06e041f9d5dc079fb64b91f8cc941begidf994736a297883b0fd5d00c7969a6ffcc6f0ebb06fe7cbffc0ad88f1ce3fb4c4'><\/iframe>\t\t\t\t<\/div>\n\t\t\t\t<\/div>\n\t\t\t\t\t<\/div>\n\t\t<\/div>\n\t\t\t\t\t<\/div>\n\t\t<\/section>\n\t\t\t\t\t<\/div>\n\t\t<\/div>\n\t\t\t\t\t<\/div>\n\t\t<\/section>\n\t\t\t\t<section class=\"elementor-section elementor-top-section elementor-element elementor-element-7041bc0 elementor-section-boxed elementor-section-height-default elementor-section-height-default\" data-id=\"7041bc0\" data-element_type=\"section\" data-e-type=\"section\" data-settings=\"{&quot;background_background&quot;:&quot;classic&quot;}\">\n\t\t\t\t\t\t<div class=\"elementor-container elementor-column-gap-default\">\n\t\t\t\t\t<div class=\"elementor-column elementor-col-100 elementor-top-column elementor-element elementor-element-c364031\" data-id=\"c364031\" data-element_type=\"column\" data-e-type=\"column\">\n\t\t\t<div class=\"elementor-widget-wrap elementor-element-populated\">\n\t\t\t\t\t\t<section class=\"elementor-section elementor-inner-section elementor-element elementor-element-840b405 elementor-section-boxed elementor-section-height-default elementor-section-height-default\" data-id=\"840b405\" data-element_type=\"section\" data-e-type=\"section\">\n\t\t\t\t\t\t<div class=\"elementor-container elementor-column-gap-default\">\n\t\t\t\t\t<div class=\"elementor-column elementor-col-50 elementor-inner-column elementor-element elementor-element-06f92c2\" data-id=\"06f92c2\" data-element_type=\"column\" data-e-type=\"column\">\n\t\t\t<div class=\"elementor-widget-wrap\">\n\t\t\t\t\t\t\t<\/div>\n\t\t<\/div>\n\t\t\t\t<div class=\"elementor-column elementor-col-50 elementor-inner-column elementor-element elementor-element-1016892\" data-id=\"1016892\" data-element_type=\"column\" data-e-type=\"column\">\n\t\t\t<div class=\"elementor-widget-wrap elementor-element-populated\">\n\t\t\t\t\t\t<div class=\"elementor-element elementor-element-bbf8684 elementor-widget elementor-widget-image\" data-id=\"bbf8684\" data-element_type=\"widget\" data-e-type=\"widget\" data-widget_type=\"image.default\">\n\t\t\t\t<div class=\"elementor-widget-container\">\n\t\t\t\t\t\t\t\t\t\t\t\t\t\t\t<img loading=\"lazy\" decoding=\"async\" width=\"487\" height=\"101\" src=\"https:\/\/gerpro.co\/mafp\/wp-content\/uploads\/2022\/06\/mafp-06.png\" class=\"attachment-large size-large wp-image-1286\" alt=\"\" srcset=\"https:\/\/gerpro.co\/mafp\/wp-content\/uploads\/2022\/06\/mafp-06.png 487w, https:\/\/gerpro.co\/mafp\/wp-content\/uploads\/2022\/06\/mafp-06-300x62.png 300w\" sizes=\"(max-width: 487px) 100vw, 487px\" \/>\t\t\t\t\t\t\t\t\t\t\t\t\t\t\t<\/div>\n\t\t\t\t<\/div>\n\t\t\t\t<div class=\"elementor-element elementor-element-148aa09 elementor-widget elementor-widget-text-editor\" data-id=\"148aa09\" data-element_type=\"widget\" data-e-type=\"widget\" data-widget_type=\"text-editor.default\">\n\t\t\t\t<div class=\"elementor-widget-container\">\n\t\t\t\t\t\t\t\t\t<p><strong>Mejores resultados <\/strong><strong>financieros<\/strong> con proyecciones basadas en <strong>cifras reales.<\/strong><\/p>\t\t\t\t\t\t\t\t<\/div>\n\t\t\t\t<\/div>\n\t\t\t\t<div class=\"elementor-element elementor-element-2e5a7bf elementor-align-center elementor-widget elementor-widget-button\" data-id=\"2e5a7bf\" data-element_type=\"widget\" data-e-type=\"widget\" data-widget_type=\"button.default\">\n\t\t\t\t<div class=\"elementor-widget-container\">\n\t\t\t\t\t\t\t\t\t<div class=\"elementor-button-wrapper\">\n\t\t\t\t\t<a class=\"elementor-button elementor-button-link elementor-size-lg elementor-animation-grow\" href=\"#elementor-action%3Aaction%3Dpopup%3Aopen%26settings%3DeyJpZCI6IjUyNCIsInRvZ2dsZSI6ZmFsc2V9\">\n\t\t\t\t\t\t<span class=\"elementor-button-content-wrapper\">\n\t\t\t\t\t\t\t\t\t<span class=\"elementor-button-text\">Quiero solicitar asesor\u00eda<\/span>\n\t\t\t\t\t<\/span>\n\t\t\t\t\t<\/a>\n\t\t\t\t<\/div>\n\t\t\t\t\t\t\t\t<\/div>\n\t\t\t\t<\/div>\n\t\t\t\t\t<\/div>\n\t\t<\/div>\n\t\t\t\t\t<\/div>\n\t\t<\/section>\n\t\t\t\t\t<\/div>\n\t\t<\/div>\n\t\t\t\t\t<\/div>\n\t\t<\/section>\n\t\t\t\t<section class=\"elementor-section elementor-top-section elementor-element elementor-element-065f8c9 elementor-section-boxed elementor-section-height-default elementor-section-height-default elementor-invisible\" data-id=\"065f8c9\" data-element_type=\"section\" data-e-type=\"section\" data-settings=\"{&quot;background_background&quot;:&quot;classic&quot;,&quot;animation&quot;:&quot;fadeInUp&quot;}\">\n\t\t\t\t\t\t<div class=\"elementor-container elementor-column-gap-default\">\n\t\t\t\t\t<div class=\"elementor-column elementor-col-100 elementor-top-column elementor-element elementor-element-09d0593\" data-id=\"09d0593\" data-element_type=\"column\" data-e-type=\"column\">\n\t\t\t<div class=\"elementor-widget-wrap elementor-element-populated\">\n\t\t\t\t\t\t<div class=\"elementor-element elementor-element-dc258ec elementor-widget elementor-widget-text-editor\" data-id=\"dc258ec\" data-element_type=\"widget\" data-e-type=\"widget\" data-widget_type=\"text-editor.default\">\n\t\t\t\t<div class=\"elementor-widget-container\">\n\t\t\t\t\t\t\t\t\t<p><strong>MAFP<\/strong>, el engranaje que le hace falta a tu empresa para ver resultados financieros todos los meses con la incidencia en la ejecuci\u00f3n:<\/p>\t\t\t\t\t\t\t\t<\/div>\n\t\t\t\t<\/div>\n\t\t\t\t<div class=\"elementor-element elementor-element-2137a20 elementor-widget elementor-widget-image\" data-id=\"2137a20\" data-element_type=\"widget\" data-e-type=\"widget\" data-widget_type=\"image.default\">\n\t\t\t\t<div class=\"elementor-widget-container\">\n\t\t\t\t\t\t\t\t\t\t\t\t\t\t\t<img loading=\"lazy\" decoding=\"async\" width=\"1361\" height=\"461\" src=\"https:\/\/gerpro.co\/mafp\/wp-content\/uploads\/2022\/06\/mafp-09.png\" class=\"attachment-full size-full wp-image-1299\" alt=\"\" srcset=\"https:\/\/gerpro.co\/mafp\/wp-content\/uploads\/2022\/06\/mafp-09.png 1361w, https:\/\/gerpro.co\/mafp\/wp-content\/uploads\/2022\/06\/mafp-09-300x102.png 300w, https:\/\/gerpro.co\/mafp\/wp-content\/uploads\/2022\/06\/mafp-09-1024x347.png 1024w, https:\/\/gerpro.co\/mafp\/wp-content\/uploads\/2022\/06\/mafp-09-768x260.png 768w\" sizes=\"(max-width: 1361px) 100vw, 1361px\" \/>\t\t\t\t\t\t\t\t\t\t\t\t\t\t\t<\/div>\n\t\t\t\t<\/div>\n\t\t\t\t<section class=\"elementor-section elementor-inner-section elementor-element elementor-element-422eb11 elementor-section-boxed elementor-section-height-default elementor-section-height-default elementor-invisible\" data-id=\"422eb11\" data-element_type=\"section\" data-e-type=\"section\" data-settings=\"{&quot;animation&quot;:&quot;fadeInLeft&quot;}\">\n\t\t\t\t\t\t<div class=\"elementor-container elementor-column-gap-default\">\n\t\t\t\t\t<div class=\"elementor-column elementor-col-100 elementor-inner-column elementor-element elementor-element-8438610\" data-id=\"8438610\" data-element_type=\"column\" data-e-type=\"column\">\n\t\t\t<div class=\"elementor-widget-wrap elementor-element-populated\">\n\t\t\t\t\t\t<div class=\"elementor-element elementor-element-9cd6256 elementor-widget elementor-widget-text-editor\" data-id=\"9cd6256\" data-element_type=\"widget\" data-e-type=\"widget\" data-widget_type=\"text-editor.default\">\n\t\t\t\t<div class=\"elementor-widget-container\">\n\t\t\t\t\t\t\t\t\t<p style=\"text-align: center;\"><strong>Obt\u00e9n la rentabilidad de <\/strong><strong>tus proyectos<\/strong> logrando la eficiencia y precisi\u00f3n en todas las etapas.<\/p>\t\t\t\t\t\t\t\t<\/div>\n\t\t\t\t<\/div>\n\t\t\t\t\t<\/div>\n\t\t<\/div>\n\t\t\t\t\t<\/div>\n\t\t<\/section>\n\t\t\t\t<section class=\"elementor-section elementor-inner-section elementor-element elementor-element-9e58d2d elementor-section-boxed elementor-section-height-default elementor-section-height-default elementor-invisible\" data-id=\"9e58d2d\" data-element_type=\"section\" data-e-type=\"section\" data-settings=\"{&quot;animation&quot;:&quot;fadeInLeft&quot;}\">\n\t\t\t\t\t\t<div class=\"elementor-container elementor-column-gap-default\">\n\t\t\t\t\t<div class=\"elementor-column elementor-col-100 elementor-inner-column elementor-element elementor-element-f082977\" data-id=\"f082977\" data-element_type=\"column\" data-e-type=\"column\">\n\t\t\t<div class=\"elementor-widget-wrap elementor-element-populated\">\n\t\t\t\t\t\t<div class=\"elementor-element elementor-element-fdfcd7f elementor-hidden-mobile elementor-widget elementor-widget-text-editor\" data-id=\"fdfcd7f\" data-element_type=\"widget\" data-e-type=\"widget\" data-widget_type=\"text-editor.default\">\n\t\t\t\t<div class=\"elementor-widget-container\">\n\t\t\t\t\t\t\t\t\t<p style=\"text-align: center;\">EL \u00daNICO SOFTWARE 100% WEB EN HISPANOAM\u00c9RICA PARA EVALUACI\u00d3N Y CONTROL DE MODELOS FINANCIEROS DE PROYECTOS.<\/p>\t\t\t\t\t\t\t\t<\/div>\n\t\t\t\t<\/div>\n\t\t\t\t\t<\/div>\n\t\t<\/div>\n\t\t\t\t\t<\/div>\n\t\t<\/section>\n\t\t\t\t\t<\/div>\n\t\t<\/div>\n\t\t\t\t\t<\/div>\n\t\t<\/section>\n\t\t\t\t<section class=\"elementor-section elementor-top-section elementor-element elementor-element-1aa5be7 elementor-section-boxed elementor-section-height-default elementor-section-height-default\" data-id=\"1aa5be7\" data-element_type=\"section\" data-e-type=\"section\" data-settings=\"{&quot;background_background&quot;:&quot;classic&quot;}\">\n\t\t\t\t\t\t<div class=\"elementor-container elementor-column-gap-default\">\n\t\t\t\t\t<div class=\"elementor-column elementor-col-100 elementor-top-column elementor-element elementor-element-13abbb0\" data-id=\"13abbb0\" data-element_type=\"column\" data-e-type=\"column\">\n\t\t\t<div class=\"elementor-widget-wrap elementor-element-populated\">\n\t\t\t\t\t\t<section class=\"elementor-section elementor-inner-section elementor-element elementor-element-56c6d33 elementor-section-boxed elementor-section-height-default elementor-section-height-default\" data-id=\"56c6d33\" data-element_type=\"section\" data-e-type=\"section\">\n\t\t\t\t\t\t<div class=\"elementor-container elementor-column-gap-default\">\n\t\t\t\t\t<div class=\"elementor-column elementor-col-33 elementor-inner-column elementor-element elementor-element-a356ced\" data-id=\"a356ced\" data-element_type=\"column\" data-e-type=\"column\" data-settings=\"{&quot;background_background&quot;:&quot;classic&quot;}\">\n\t\t\t<div class=\"elementor-widget-wrap elementor-element-populated\">\n\t\t\t\t\t\t<div class=\"elementor-element elementor-element-0ded4bd elementor-widget elementor-widget-image\" data-id=\"0ded4bd\" data-element_type=\"widget\" data-e-type=\"widget\" data-widget_type=\"image.default\">\n\t\t\t\t<div class=\"elementor-widget-container\">\n\t\t\t\t\t\t\t\t\t\t\t\t\t\t\t<img loading=\"lazy\" decoding=\"async\" width=\"272\" height=\"141\" src=\"https:\/\/gerpro.co\/mafp\/wp-content\/uploads\/2022\/06\/1a.png\" class=\"attachment-large size-large wp-image-1305\" alt=\"\" \/>\t\t\t\t\t\t\t\t\t\t\t\t\t\t\t<\/div>\n\t\t\t\t<\/div>\n\t\t\t\t<div class=\"elementor-element elementor-element-f19f48b elementor-widget elementor-widget-text-editor\" data-id=\"f19f48b\" data-element_type=\"widget\" data-e-type=\"widget\" data-widget_type=\"text-editor.default\">\n\t\t\t\t<div class=\"elementor-widget-container\">\n\t\t\t\t\t\t\t\t\t<p style=\"text-align: center;\"><strong>EVALUACI\u00d3N<\/strong><\/p>\t\t\t\t\t\t\t\t<\/div>\n\t\t\t\t<\/div>\n\t\t\t\t<div class=\"elementor-element elementor-element-6e4e732 elementor-widget elementor-widget-text-editor\" data-id=\"6e4e732\" data-element_type=\"widget\" data-e-type=\"widget\" data-widget_type=\"text-editor.default\">\n\t\t\t\t<div class=\"elementor-widget-container\">\n\t\t\t\t\t\t\t\t\t<p>Eval\u00fae proyectos inmobiliarios y constructivos tradicionales y de renta de largo plazo de forma \u00e1gil, simple y precisa.<\/p>\t\t\t\t\t\t\t\t<\/div>\n\t\t\t\t<\/div>\n\t\t\t\t\t<\/div>\n\t\t<\/div>\n\t\t\t\t<div class=\"elementor-column elementor-col-33 elementor-inner-column elementor-element elementor-element-e2fe2ac\" data-id=\"e2fe2ac\" data-element_type=\"column\" data-e-type=\"column\" data-settings=\"{&quot;background_background&quot;:&quot;classic&quot;}\">\n\t\t\t<div class=\"elementor-widget-wrap elementor-element-populated\">\n\t\t\t\t\t\t<div class=\"elementor-element elementor-element-7706523 elementor-widget elementor-widget-image\" data-id=\"7706523\" data-element_type=\"widget\" data-e-type=\"widget\" data-widget_type=\"image.default\">\n\t\t\t\t<div class=\"elementor-widget-container\">\n\t\t\t\t\t\t\t\t\t\t\t\t\t\t\t<img loading=\"lazy\" decoding=\"async\" width=\"272\" height=\"141\" src=\"https:\/\/gerpro.co\/mafp\/wp-content\/uploads\/2022\/06\/2a.png\" class=\"attachment-large size-large wp-image-1304\" alt=\"\" \/>\t\t\t\t\t\t\t\t\t\t\t\t\t\t\t<\/div>\n\t\t\t\t<\/div>\n\t\t\t\t<div class=\"elementor-element elementor-element-1ef1532 elementor-widget elementor-widget-text-editor\" data-id=\"1ef1532\" data-element_type=\"widget\" data-e-type=\"widget\" data-widget_type=\"text-editor.default\">\n\t\t\t\t<div class=\"elementor-widget-container\">\n\t\t\t\t\t\t\t\t\t<p style=\"text-align: center;\"><strong>CONTROL<\/strong><\/p>\t\t\t\t\t\t\t\t<\/div>\n\t\t\t\t<\/div>\n\t\t\t\t<div class=\"elementor-element elementor-element-828bf7d elementor-widget elementor-widget-text-editor\" data-id=\"828bf7d\" data-element_type=\"widget\" data-e-type=\"widget\" data-widget_type=\"text-editor.default\">\n\t\t\t\t<div class=\"elementor-widget-container\">\n\t\t\t\t\t\t\t\t\t<p>Tome decisiones m\u00e1s rentables modelando alternativas de negocio a las re proyecciones mensuales que le brinda el sistema.<\/p>\t\t\t\t\t\t\t\t<\/div>\n\t\t\t\t<\/div>\n\t\t\t\t\t<\/div>\n\t\t<\/div>\n\t\t\t\t<div class=\"elementor-column elementor-col-33 elementor-inner-column elementor-element elementor-element-820fa45\" data-id=\"820fa45\" data-element_type=\"column\" data-e-type=\"column\" data-settings=\"{&quot;background_background&quot;:&quot;classic&quot;}\">\n\t\t\t<div class=\"elementor-widget-wrap elementor-element-populated\">\n\t\t\t\t\t\t<div class=\"elementor-element elementor-element-a08a581 elementor-widget elementor-widget-image\" data-id=\"a08a581\" data-element_type=\"widget\" data-e-type=\"widget\" data-widget_type=\"image.default\">\n\t\t\t\t<div class=\"elementor-widget-container\">\n\t\t\t\t\t\t\t\t\t\t\t\t\t\t\t<img loading=\"lazy\" decoding=\"async\" width=\"272\" height=\"141\" src=\"https:\/\/gerpro.co\/mafp\/wp-content\/uploads\/2022\/06\/3a.png\" class=\"attachment-large size-large wp-image-1303\" alt=\"\" \/>\t\t\t\t\t\t\t\t\t\t\t\t\t\t\t<\/div>\n\t\t\t\t<\/div>\n\t\t\t\t<div class=\"elementor-element elementor-element-3f01023 elementor-widget elementor-widget-text-editor\" data-id=\"3f01023\" data-element_type=\"widget\" data-e-type=\"widget\" data-widget_type=\"text-editor.default\">\n\t\t\t\t<div class=\"elementor-widget-container\">\n\t\t\t\t\t\t\t\t\t<p style=\"text-align: center;\"><strong>PROYECCI\u00d3N DEL BALANCE<\/strong><\/p>\t\t\t\t\t\t\t\t<\/div>\n\t\t\t\t<\/div>\n\t\t\t\t<div class=\"elementor-element elementor-element-483163a elementor-widget elementor-widget-text-editor\" data-id=\"483163a\" data-element_type=\"widget\" data-e-type=\"widget\" data-widget_type=\"text-editor.default\">\n\t\t\t\t<div class=\"elementor-widget-container\">\n\t\t\t\t\t\t\t\t\t<p>Proyecte resultados de su empresa de forma precisa y \u00e1gil con base en la consolidaci\u00f3n de los resultados financieros de sus proyectos.<\/p>\t\t\t\t\t\t\t\t<\/div>\n\t\t\t\t<\/div>\n\t\t\t\t\t<\/div>\n\t\t<\/div>\n\t\t\t\t\t<\/div>\n\t\t<\/section>\n\t\t\t\t\t<\/div>\n\t\t<\/div>\n\t\t\t\t\t<\/div>\n\t\t<\/section>\n\t\t\t\t<section class=\"elementor-section elementor-top-section elementor-element elementor-element-1e4e08a elementor-section-boxed elementor-section-height-default elementor-section-height-default elementor-invisible\" data-id=\"1e4e08a\" data-element_type=\"section\" data-e-type=\"section\" data-settings=\"{&quot;animation&quot;:&quot;fadeInLeft&quot;}\">\n\t\t\t\t\t\t<div class=\"elementor-container elementor-column-gap-default\">\n\t\t\t\t\t<div class=\"elementor-column elementor-col-33 elementor-top-column elementor-element elementor-element-b676a49\" data-id=\"b676a49\" data-element_type=\"column\" data-e-type=\"column\">\n\t\t\t<div class=\"elementor-widget-wrap\">\n\t\t\t\t\t\t\t<\/div>\n\t\t<\/div>\n\t\t\t\t<div class=\"elementor-column elementor-col-33 elementor-top-column elementor-element elementor-element-5334e5f\" data-id=\"5334e5f\" data-element_type=\"column\" data-e-type=\"column\">\n\t\t\t<div class=\"elementor-widget-wrap elementor-element-populated\">\n\t\t\t\t\t\t<div class=\"elementor-element elementor-element-51c7276 elementor-align-center elementor-widget elementor-widget-button\" data-id=\"51c7276\" data-element_type=\"widget\" data-e-type=\"widget\" data-widget_type=\"button.default\">\n\t\t\t\t<div class=\"elementor-widget-container\">\n\t\t\t\t\t\t\t\t\t<div class=\"elementor-button-wrapper\">\n\t\t\t\t\t<a class=\"elementor-button elementor-button-link elementor-size-lg\" href=\"#elementor-action%3Aaction%3Dpopup%3Aopen%26settings%3DeyJpZCI6IjUyNCIsInRvZ2dsZSI6ZmFsc2V9\">\n\t\t\t\t\t\t<span class=\"elementor-button-content-wrapper\">\n\t\t\t\t\t\t\t\t\t<span class=\"elementor-button-text\">Quiero solicitar asesor\u00eda<\/span>\n\t\t\t\t\t<\/span>\n\t\t\t\t\t<\/a>\n\t\t\t\t<\/div>\n\t\t\t\t\t\t\t\t<\/div>\n\t\t\t\t<\/div>\n\t\t\t\t\t<\/div>\n\t\t<\/div>\n\t\t\t\t<div class=\"elementor-column elementor-col-33 elementor-top-column elementor-element elementor-element-7ad652f\" data-id=\"7ad652f\" data-element_type=\"column\" data-e-type=\"column\">\n\t\t\t<div class=\"elementor-widget-wrap\">\n\t\t\t\t\t\t\t<\/div>\n\t\t<\/div>\n\t\t\t\t\t<\/div>\n\t\t<\/section>\n\t\t\t\t<\/div>\n\t\t","protected":false},"excerpt":{"rendered":"<p>https:\/\/www.youtube.com\/watch?v=4QXEP1bUgP4 EL \u00daNICO SOFTWARE 100% WEB EN HISPANOAM\u00c9RICAPARA EVALUACI\u00d3N Y CONTROL DE MODELOS FINANCIEROS DE PROYECTOS. Mejores resultados financieros con proyecciones basadas en cifras reales. Quiero solicitar asesor\u00eda MAFP, el engranaje que le hace falta a tu empresa para ver resultados financieros todos los meses con la incidencia en la ejecuci\u00f3n: Obt\u00e9n la rentabilidad de &hellip; <\/p>\n<p class=\"link-more\"><a href=\"https:\/\/gerpro.co\/mafp\/\" class=\"more-link\">Sigue leyendo<span class=\"screen-reader-text\"> \u00abINICIONUEVO\u00bb<\/span><\/a><\/p>\n","protected":false},"author":2,"featured_media":0,"parent":0,"menu_order":0,"comment_status":"closed","ping_status":"closed","template":"elementor_canvas","meta":{"footnotes":""},"class_list":["post-1268","page","type-page","status-publish","hentry","entry"],"_links":{"self":[{"href":"https:\/\/gerpro.co\/mafp\/wp-json\/wp\/v2\/pages\/1268","targetHints":{"allow":["GET"]}}],"collection":[{"href":"https:\/\/gerpro.co\/mafp\/wp-json\/wp\/v2\/pages"}],"about":[{"href":"https:\/\/gerpro.co\/mafp\/wp-json\/wp\/v2\/types\/page"}],"author":[{"embeddable":true,"href":"https:\/\/gerpro.co\/mafp\/wp-json\/wp\/v2\/users\/2"}],"replies":[{"embeddable":true,"href":"https:\/\/gerpro.co\/mafp\/wp-json\/wp\/v2\/comments?post=1268"}],"version-history":[{"count":97,"href":"https:\/\/gerpro.co\/mafp\/wp-json\/wp\/v2\/pages\/1268\/revisions"}],"predecessor-version":[{"id":1402,"href":"https:\/\/gerpro.co\/mafp\/wp-json\/wp\/v2\/pages\/1268\/revisions\/1402"}],"wp:attachment":[{"href":"https:\/\/gerpro.co\/mafp\/wp-json\/wp\/v2\/media?parent=1268"}],"curies":[{"name":"wp","href":"https:\/\/api.w.org\/{rel}","templated":true}]}}